{"id":16,"date":"2018-05-27T20:17:09","date_gmt":"2018-05-27T18:17:09","guid":{"rendered":"http:\/\/www.aksedlar.eu\/?page_id=16"},"modified":"2018-05-28T21:38:43","modified_gmt":"2018-05-28T19:38:43","slug":"zasady-o-zpracovani-osobnich-udaju","status":"publish","type":"page","link":"https:\/\/www.aksedlar.eu\/?page_id=16","title":{"rendered":"Z\u00e1sady o&nbsp;zpracov\u00e1n\u00ed osobn\u00edch \u00fadaj\u016f"},"content":{"rendered":"<p>Advok\u00e1t se jako\u017eto spr\u00e1vce osobn\u00edch \u00fadaj\u016f, kter\u00e9 mu budou\u00a0 klientem poskytnuty, zavazuje, \u017ee bude tyto osobn\u00ed \u00fadaje zpracov\u00e1vat v&nbsp;souladu s\u00a0pr\u00e1vn\u00edmi p\u0159edpisy, p\u0159edev\u0161\u00edm se z\u00e1konem \u010d.&nbsp;85\/1996 Sb. (z\u00e1kon o&nbsp;advokacii) a\u00a0Na\u0159\u00edzen\u00edm Evropsk\u00e9ho parlamentu a&nbsp;Rady (EU) 2016\/679 ze dne 27.&nbsp;dubna 2016 o\u00a0ochran\u011b fyzick\u00fdch osob v&nbsp;souvislosti se zpracov\u00e1n\u00edm osobn\u00edch \u00fadaj\u016f a&nbsp;o&nbsp;voln\u00e9m pohybu t\u011bchto \u00fadaj\u016f a&nbsp;o&nbsp;zru\u0161en\u00ed sm\u011brnice 95\/46\/ES.<\/p>\n<p><b>Pr\u00e1vn\u00ed z\u00e1klad pro zpracov\u00e1n\u00ed<\/b><\/p>\n<ul>\n<li>Smlouva o&nbsp;poskytov\u00e1n\u00ed pr\u00e1vn\u00edch slu\u017eeb<\/li>\n<li>Poskytov\u00e1n\u00ed osobn\u00edch \u00fadaj\u016f je povinnost\u00ed subjektu \u00fadaj\u016f &#8211; klienta (d\u00e1le jen &#8222;<b>klient<\/b>&#8222;), kter\u00e1 vypl\u00fdv\u00e1 z\u00a0v\u00fd\u0161e zm\u00edn\u011bn\u00e9 smlouvy<\/li>\n<\/ul>\n<p><b>\u00da\u010del zpracov\u00e1n\u00ed<\/b><\/p>\n<p>Poskytov\u00e1n\u00ed pr\u00e1vn\u00edch slu\u017eeb podle smlouvy uzav\u0159en\u00e9 s&nbsp;klientem<\/p>\n<p><b>P\u0159\u00edjemci osobn\u00edch \u00fadaj\u016f<\/b><\/p>\n<ul>\n<li>Org\u00e1ny ve\u0159ejn\u00e9 moci (nap\u0159.&nbsp;soudy, spr\u00e1vn\u00ed org\u00e1ny)<\/li>\n<li>Poskytovatel\u00e9 \u00fadr\u017eby informa\u010dn\u00edho syst\u00e9mu<\/li>\n<li>Dal\u0161\u00ed p\u0159\u00edjemci dle pot\u0159eb a&nbsp;pokyn\u016f klienta<\/li>\n<\/ul>\n<p><b>Doba zpracov\u00e1n\u00ed osobn\u00edch \u00fadaj\u016f<\/b><\/p>\n<p>Osobn\u00ed \u00fadaje budou zpracov\u00e1v\u00e1ny po&nbsp;dobu platnosti v\u00fd\u0161e zm\u00edn\u011bn\u00e9 smlouvy a&nbsp;po&nbsp;jej\u00edm skon\u010den\u00ed s\u00a0nimi bude nalo\u017eeno dle platn\u00e9 pr\u00e1vn\u00ed \u00fapravy, zejm. z\u00e1kona \u010d.&nbsp;85\/1996 Sb. (z\u00e1kon\u00a0o advokacii), z\u00e1kona \u010d.\u00a0499\/2004 Sb. (z\u00e1kon o&nbsp;archivnictv\u00ed a&nbsp;spisov\u00e9 slu\u017eb\u011b a\u00a0o\u00a0zm\u011bn\u011b n\u011bkter\u00fdch z\u00e1kon\u016f) a&nbsp;Na\u0159\u00edzen\u00ed Evropsk\u00e9ho parlamentu a&nbsp;Rady (EU) 2016\/679 ze\u00a0dne 27.&nbsp;dubna 2016 o&nbsp;ochran\u011b fyzick\u00fdch osob v\u00a0souvislosti se zpracov\u00e1n\u00edm osobn\u00edch \u00fadaj\u016f a&nbsp;o&nbsp;voln\u00e9m pohybu t\u011bchto \u00fadaj\u016f a&nbsp;o&nbsp;zru\u0161en\u00ed sm\u011brnice 95\/46\/ES (Na\u0159\u00edzen\u00ed GDPR).<\/p>\n<p><b>Pr\u00e1va klienta<\/b><\/p>\n<p><b>Pr\u00e1vo na p\u0159\u00edstup<\/b>\u00a0k\u00a0osobn\u00edm \u00fadaj\u016fm znamen\u00e1, \u017ee klient m\u00e1 pr\u00e1vo od spr\u00e1vce &#8211; advok\u00e1ta z\u00edskat informace o&nbsp;tom, zda zpracov\u00e1v\u00e1 jeho osobn\u00ed \u00fadaje, a&nbsp;pokud ano, o&nbsp;jak\u00e9 \u00fadaje se\u00a0jedn\u00e1 a&nbsp;jak\u00fdm zp\u016fsobem jsou zpracov\u00e1v\u00e1ny. Klient m\u00e1 tak\u00e9\u00a0<b>pr\u00e1vo, aby<\/b>\u00a0<b>spr\u00e1vce-advok\u00e1t<\/b>\u00a0bez zbyte\u010dn\u00e9ho odkladu\u00a0<b>opravil na jeho \u017e\u00e1dost nep\u0159esn\u00e9 osobn\u00ed \u00fadaje<\/b>, kter\u00e9 se ho t\u00fdkaj\u00ed.\u00a0<b>Ne\u00fapln\u00e9 osobn\u00ed \u00fadaje m\u00e1 klient pr\u00e1vo kdykoli doplnit<\/b>.<\/p>\n<p><b>Pr\u00e1vo na v\u00fdmaz<\/b>\u00a0osobn\u00edch \u00fadaj\u016f p\u0159edstavuje jin\u00fdmi slovy vyj\u00e1d\u0159enou povinnost spr\u00e1vce &#8211; advok\u00e1ta zlikvidovat osobn\u00ed \u00fadaje, kter\u00e9 o&nbsp;klientovi zpracov\u00e1v\u00e1, pokud jsou spln\u011bny ur\u010dit\u00e9 podm\u00ednky a&nbsp;klient o\u00a0to po\u017e\u00e1d\u00e1.<\/p>\n<p>Klient m\u00e1\u00a0<b>pr\u00e1vo, aby spr\u00e1vce<\/b>\u00a0&#8211; advok\u00e1t v&nbsp;ur\u010dit\u00fdch p\u0159\u00edpadech\u00a0<b>omezil zpracov\u00e1n\u00ed<\/b>\u00a0jeho osobn\u00edch \u00fadaj\u016f. Proti zpracov\u00e1n\u00ed, kter\u00e9 je zalo\u017eeno na opr\u00e1vn\u011bn\u00fdch z\u00e1jmech spr\u00e1vce &#8211; advok\u00e1ta, t\u0159et\u00ed strany nebo je nezbytn\u00e9 pro spln\u011bn\u00ed \u00fakolu prov\u00e1d\u011bn\u00e9ho ve ve\u0159ejn\u00e9m z\u00e1jmu nebo p\u0159i&nbsp;v\u00fdkonu ve\u0159ejn\u00e9 moci, m\u00e1 klient\u00a0<b>pr\u00e1vo<\/b>\u00a0kdykoli\u00a0<b>vzn\u00e9st n\u00e1mitku<\/b>.<\/p>\n<p><b>Pr\u00e1vo na p\u0159enositelnost<\/b>\u00a0\u00fadaj\u016f d\u00e1v\u00e1 klientovi mo\u017enost z\u00edskat osobn\u00ed \u00fadaje, kter\u00e9 spr\u00e1vci poskytl, v\u00a0b\u011b\u017en\u00e9m a&nbsp;strojov\u011b \u010diteln\u00e9m form\u00e1tu. Tyto \u00fadaje m\u016f\u017ee n\u00e1sledn\u011b p\u0159edat jin\u00e9mu spr\u00e1vci, nebo pokud je to technicky mo\u017en\u00e9, \u017e\u00e1dat, aby si je spr\u00e1vci p\u0159edali mezi sebou.<\/p>\n<p>Pr\u00e1vo kdykoli odvolat souhlas se zpracov\u00e1n\u00edm osobn\u00edch \u00fadaj\u016f se neuplatn\u00ed, jeliko\u017e osobn\u00ed \u00fadaje klienta jsou zpracov\u00e1v\u00e1ny z&nbsp;d\u016fvodu pln\u011bn\u00ed smlouvy uzav\u0159en\u00e9 s&nbsp;klientem, nikoli na z\u00e1klad\u011b souhlasu se zpracov\u00e1n\u00edm.<\/p>\n<p>V p\u0159\u00edpad\u011b, \u017ee bude klient jakkoli nespokojen se zpracov\u00e1n\u00edm sv\u00fdch osobn\u00edch \u00fadaj\u016f prov\u00e1d\u011bn\u00e9 spr\u00e1vcem &#8211; advok\u00e1tem, m\u016f\u017ee podat st\u00ed\u017enost p\u0159\u00edmo jemu, nebo\u00a0<b>se obr\u00e1tit na\u00a0\u00da\u0159ad pro ochranu osobn\u00edch \u00fadaj\u016f.<\/b><\/p>\n<p>V\u00edce informac\u00ed o&nbsp;pr\u00e1vech klienta je k&nbsp;dispozici na internetov\u00fdch str\u00e1nk\u00e1ch \u00da\u0159adu pro ochranu osobn\u00edch \u00fadaj\u016f. (<a href=\"https:\/\/www.uoou.cz\/6-prava-subjektu-udaj\/d-27276\">https:\/\/www.uoou.cz\/6-prava-subjektu-udaj\/d-27276<\/a>)<\/p>\n<p>&nbsp;<\/p>\n<p>\u010cesk\u00e1 advok\u00e1tn\u00ed komora byla dne 5.2.2016 pov\u011b\u0159ena Ministerstvem pr\u016fmyslu a&nbsp;obchodu \u010cR mimosoudn\u00edm \u0159e\u0161en\u00edm spot\u0159ebitelsk\u00fdch spor\u016f pro oblast spor\u016f mezi advok\u00e1tem a&nbsp;spot\u0159ebitelem ze Smluv o&nbsp;poskytov\u00e1n\u00ed pr\u00e1vn\u00edch slu\u017eeb ( na z\u00e1klad\u011b z\u00e1kona \u010d.&nbsp;634\/1992 Sb., o&nbsp;ochran\u011b spot\u0159ebitele ve zn\u011bn\u00ed pozd\u011bj\u0161\u00edch p\u0159edpis\u016f). Internetov\u00e1 str\u00e1nka tohoto pov\u011b\u0159en\u00e9ho subjektu je\u00a0<a href=\"http:\/\/www.cak.cz\/\" target=\"_blank\" rel=\"noopener\">www.cak.cz<\/a>.<\/p>\n","protected":false},"excerpt":{"rendered":"<p>Advok\u00e1t se jako\u017eto spr\u00e1vce osobn\u00edch \u00fadaj\u016f, kter\u00e9 mu budou\u00a0 klientem poskytnuty, zavazuje, \u017ee bude tyto osobn\u00ed \u00fadaje zpracov\u00e1vat v&nbsp;souladu s\u00a0pr\u00e1vn\u00edmi p\u0159edpisy, p\u0159edev\u0161\u00edm se z\u00e1konem \u010d.&nbsp;85\/1996 Sb. (z\u00e1kon o&nbsp;advokacii) a\u00a0Na\u0159\u00edzen\u00edm Evropsk\u00e9ho parlamentu a&nbsp;Rady (EU) 2016\/679 ze dne 27.&nbsp;dubna 2016 o\u00a0ochran\u011b fyzick\u00fdch osob v&nbsp;souvislosti se zpracov\u00e1n\u00edm osobn\u00edch \u00fadaj\u016f a&nbsp;o&nbsp;voln\u00e9m pohybu t\u011bchto \u00fadaj\u016f a&nbsp;o&nbsp;zru\u0161en\u00ed sm\u011brnice 95\/46\/ES. Pr\u00e1vn\u00ed z\u00e1klad [&hellip;]<\/p>\n","protected":false},"author":1,"featured_media":0,"parent":0,"menu_order":0,"comment_status":"closed","ping_status":"closed","template":"","meta":[],"_links":{"self":[{"href":"https:\/\/www.aksedlar.eu\/index.php?rest_route=\/wp\/v2\/pages\/16"}],"collection":[{"href":"https:\/\/www.aksedlar.eu\/index.php?rest_route=\/wp\/v2\/pages"}],"about":[{"href":"https:\/\/www.aksedlar.eu\/index.php?rest_route=\/wp\/v2\/types\/page"}],"author":[{"embeddable":true,"href":"https:\/\/www.aksedlar.eu\/index.php?rest_route=\/wp\/v2\/users\/1"}],"replies":[{"embeddable":true,"href":"https:\/\/www.aksedlar.eu\/index.php?rest_route=%2Fwp%2Fv2%2Fcomments&post=16"}],"version-history":[{"count":5,"href":"https:\/\/www.aksedlar.eu\/index.php?rest_route=\/wp\/v2\/pages\/16\/revisions"}],"predecessor-version":[{"id":25,"href":"https:\/\/www.aksedlar.eu\/index.php?rest_route=\/wp\/v2\/pages\/16\/revisions\/25"}],"wp:attachment":[{"href":"https:\/\/www.aksedlar.eu\/index.php?rest_route=%2Fwp%2Fv2%2Fmedia&parent=16"}],"curies":[{"name":"wp","href":"https:\/\/api.w.org\/{rel}","templated":true}]}}